{"id":7591,"date":"2022-09-30T22:12:18","date_gmt":"2022-09-30T22:12:18","guid":{"rendered":"https:\/\/phoposusa.com\/?page_id=7591"},"modified":"2022-09-30T23:56:12","modified_gmt":"2022-09-30T23:56:12","slug":"business-types","status":"publish","type":"page","link":"https:\/\/phoposusa.com\/vi\/business-types\/","title":{"rendered":"C\u00e1c Lo\u1ea1i Kinh Doanh"},"content":{"rendered":"<div data-elementor-type=\"wp-page\" data-elementor-id=\"7591\" class=\"elementor elementor-7591\" data-elementor-post-type=\"page\">\n\t\t\t\t\t\t<section data-particle_enable=\"false\" data-particle-mobile-disabled=\"false\" class=\"elementor-section elementor-top-section elementor-element elementor-element-5bb2e4e elementor-section-boxed elementor-section-height-default elementor-section-height-default\" data-id=\"5bb2e4e\" data-element_type=\"section\" data-e-type=\"section\" data-settings=\"{&quot;background_background&quot;:&quot;classic&quot;}\">\n\t\t\t\t\t\t<div class=\"elementor-container elementor-column-gap-default\">\n\t\t\t\t\t<div class=\"elementor-column elementor-col-100 elementor-top-column elementor-element elementor-element-5bb3360\" data-id=\"5bb3360\" data-element_type=\"column\" data-e-type=\"column\">\n\t\t\t<div class=\"elementor-widget-wrap elementor-element-populated\">\n\t\t\t\t\t\t<div class=\"elementor-element elementor-element-5bb374a elementor-widget elementor-widget-stm_services\" data-id=\"5bb374a\" data-element_type=\"widget\" data-e-type=\"widget\" data-widget_type=\"stm_services.default\">\n\t\t\t\t<div class=\"elementor-widget-container\">\n\t\t\t\t\t\n\n    <div class=\"stm_services consulting_elementor_services style_1 cols_3\">\n                    <div class=\"item\">\n                <div class=\"item_wr\">\n                                            \n                        <div class=\"item_thumbnail\">\n                            <a href=\"https:\/\/phoposusa.com\/vi\/service\/qr-code-support\/\">\n                                <img src='https:\/\/phoposusa.com\/wp-content\/uploads\/2022\/07\/qr-code-interactive-digital-menu-compressed-255x182.jpg' alt='' \/>                            <\/a>\n                                                    <\/div>\n                                                            <div class=\"content\" >\n                                                    <h5><a href=\"https:\/\/phoposusa.com\/vi\/service\/qr-code-support\/\"  >QR h\u1ed7 tr\u1ee3 M\u00e3<\/a><\/h5>\n                                                                                                    <p>Ch\u00fang t\u00f4i l\u00e0m vi\u1ec7c v\u1edbi kh\u00e1ch h\u00e0ng c\u1ee7a ch\u00fang t\u00f4i v\u00e0 l\u00e0m m\u1ed9t ph\u00e2n t\u00edch kinh doanh c\u1ee7a h\u1ecd. Ch\u00fang t\u00f4i gi\u00fap chu\u1ea9n b\u1ecb k\u1ebft qu\u1ea3 c\u00f3 th\u1ec3 \u0111\u1ec3 quy\u1ebft \u0111\u1ecbnh kh\u00e1c nhau.<\/p>\n                                                                            <a class=\"read_more\"\n                               href=\"https:\/\/phoposusa.com\/vi\/service\/qr-code-support\/\" >\n                                <span>read more<\/span>\n                                <i class=\"fa fa-chevron-right\"><\/i>\n                            <\/a>\n                                            <\/div>\n                <\/div>\n            <\/div>\n                    <div class=\"item\">\n                <div class=\"item_wr\">\n                                            \n                        <div class=\"item_thumbnail\">\n                            <a href=\"https:\/\/phoposusa.com\/vi\/service\/merchant-services\/\">\n                                <img src='https:\/\/phoposusa.com\/wp-content\/uploads\/2022\/07\/credit-card-processing-hollywood-fl-255x182.webp' alt='' \/>                            <\/a>\n                                                    <\/div>\n                                                            <div class=\"content\" >\n                                                    <h5><a href=\"https:\/\/phoposusa.com\/vi\/service\/merchant-services\/\"  >D\u1ecbch V\u1ee5 Th\u01b0\u01a1ng<\/a><\/h5>\n                                                                                                    <p>Ch\u00fang t\u00f4i l\u00e0m vi\u1ec7c v\u1edbi kh\u00e1ch h\u00e0ng c\u1ee7a ch\u00fang t\u00f4i v\u00e0 l\u00e0m m\u1ed9t ph\u00e2n t\u00edch kinh doanh c\u1ee7a h\u1ecd. Ch\u00fang t\u00f4i gi\u00fap chu\u1ea9n b\u1ecb k\u1ebft qu\u1ea3 c\u00f3 th\u1ec3 \u0111\u1ec3 quy\u1ebft \u0111\u1ecbnh kh\u00e1c nhau.<\/p>\n                                                                            <a class=\"read_more\"\n                               href=\"https:\/\/phoposusa.com\/vi\/service\/merchant-services\/\" >\n                                <span>read more<\/span>\n                                <i class=\"fa fa-chevron-right\"><\/i>\n                            <\/a>\n                                            <\/div>\n                <\/div>\n            <\/div>\n                    <div class=\"item\">\n                <div class=\"item_wr\">\n                                            \n                        <div class=\"item_thumbnail\">\n                            <a href=\"https:\/\/phoposusa.com\/vi\/service\/online-ordering\/\">\n                                <img src='https:\/\/phoposusa.com\/wp-content\/uploads\/2022\/06\/website_mobileapps-255x182.png' alt='' \/>                            <\/a>\n                                                    <\/div>\n                                                            <div class=\"content\" >\n                                                    <h5><a href=\"https:\/\/phoposusa.com\/vi\/service\/online-ordering\/\"  >\u0110\u1eb7t H\u00e0ng Tr\u1ef1c Tuy\u1ebfn<\/a><\/h5>\n                                                                                                    <p>Ch\u00fang t\u00f4i l\u00e0m vi\u1ec7c v\u1edbi kh\u00e1ch h\u00e0ng c\u1ee7a ch\u00fang t\u00f4i v\u00e0 l\u00e0m m\u1ed9t ph\u00e2n t\u00edch kinh doanh c\u1ee7a h\u1ecd. Ch\u00fang t\u00f4i gi\u00fap chu\u1ea9n b\u1ecb k\u1ebft qu\u1ea3 c\u00f3 th\u1ec3 \u0111\u1ec3 quy\u1ebft \u0111\u1ecbnh kh\u00e1c nhau.<\/p>\n                                                                            <a class=\"read_more\"\n                               href=\"https:\/\/phoposusa.com\/vi\/service\/online-ordering\/\" >\n                                <span>read more<\/span>\n                                <i class=\"fa fa-chevron-right\"><\/i>\n                            <\/a>\n                                            <\/div>\n                <\/div>\n            <\/div>\n                    <div class=\"item\">\n                <div class=\"item_wr\">\n                                            \n                        <div class=\"item_thumbnail\">\n                            <a href=\"https:\/\/phoposusa.com\/vi\/service\/marketing-services\/\">\n                                <img src='https:\/\/phoposusa.com\/wp-content\/uploads\/2022\/06\/Bar-POS-compressed-255x182.jpg' alt='' \/>                            <\/a>\n                                                    <\/div>\n                                                            <div class=\"content\" >\n                                                    <h5><a href=\"https:\/\/phoposusa.com\/vi\/service\/marketing-services\/\"  >D\u1ecbch V\u1ee5 Ti\u1ebfp<\/a><\/h5>\n                                                                                                    <p>C\u00f4ng ty kh\u00f4ng th\u00edch thu\u1eadt ng\u1eef &#039;quay v\u00f2ng, t\u01b0 v\u1ea5n&#039; b\u1edfi v\u00ec n\u00f3 \u0111\u1ea1i di\u1ec7n cho s\u1ef1 th\u1ea5t b\u1ea1i. S\u1ef1 th\u1eadt l\u00e0 quay v\u00f2ng, t\u01b0 v\u1ea5n cho s\u1ef1 th\u00e0nh c\u00f4ng.<\/p>\n                                                                            <a class=\"read_more\"\n                               href=\"https:\/\/phoposusa.com\/vi\/service\/marketing-services\/\" >\n                                <span>read more<\/span>\n                                <i class=\"fa fa-chevron-right\"><\/i>\n                            <\/a>\n                                            <\/div>\n                <\/div>\n            <\/div>\n                    <div class=\"item\">\n                <div class=\"item_wr\">\n                                            \n                        <div class=\"item_thumbnail\">\n                            <a href=\"https:\/\/phoposusa.com\/vi\/service\/self-ordering-kiosk\/\">\n                                <img src='https:\/\/phoposusa.com\/wp-content\/uploads\/2022\/06\/self-ordering-kiosk-machine-Singapore-255x182.jpg' alt='' \/>                            <\/a>\n                                                    <\/div>\n                                                            <div class=\"content\" >\n                                                    <h5><a href=\"https:\/\/phoposusa.com\/vi\/service\/self-ordering-kiosk\/\"  >Kiosk t\u1ef1 \u0111\u1eb7t h\u00e0ng<\/a><\/h5>\n                                                                                                    <p>T\u1ef1 \u0110\u1eb7t h\u00e0ng ki-\u1ed0t cho Nh\u00e0 h\u00e0ng c\u00e1ch nh\u00e0 h\u00e0ng ho\u1ea1t \u0111\u1ed9ng v\u00e0 ch\u1ee9c n\u0103ng thay \u0111\u1ed5i li\u00ean t\u1ee5c do t\u1ef1 \u0111\u1ed9ng v\u00e0 c\u00f4ng ngh\u1ec7. T\u1ef1 \u0110\u1eb7t h\u00e0ng Qu\u00e1n, \u0111\u01b0\u1ee3c t\u00edch h\u1ee3p v\u1edbi m\u1ed9t nh\u00e0 h\u00e0ng c\u1ee7a POS h\u1ec7 th\u1ed1ng \u0111ang nhanh ch\u00f3ng thay \u0111\u1ed5i c\u00e1ch \u0111\u01a1n \u0111\u1eb7t h\u00e0ng \u0111\u01b0\u1ee3c \u0111\u1eb7t t\u1ea1i giao th\u00f4ng d\u00e0y \u0111\u1eb7c v\u1ee5 nhanh nh\u00e0 h\u00e0ng. Kh\u00e1ch h\u00e0ng c\u00f3 th\u1ec3 \u0111\u1eb7t h\u00e0ng tr\u1ef1c ti\u1ebfp t\u1ea1i t\u1ef1 \u0111\u1eb7t h\u00e0ng ki-\u1ed1t, c\u00f3 th\u1ec3 \u0111\u01b0\u1ee3c s\u1eed d\u1ee5ng<\/p>\n                                                                            <a class=\"read_more\"\n                               href=\"https:\/\/phoposusa.com\/vi\/service\/self-ordering-kiosk\/\" >\n                                <span>read more<\/span>\n                                <i class=\"fa fa-chevron-right\"><\/i>\n                            <\/a>\n                                            <\/div>\n                <\/div>\n            <\/div>\n            <\/div>\n\t\t\t\t<\/div>\n\t\t\t\t<\/div>\n\t\t\t\t\t<\/div>\n\t\t<\/div>\n\t\t\t\t<div class=\"elementor-column elementor-col-25 elementor-top-column elementor-element elementor-element-5bb37fe elementor-hidden-tablet elementor-hidden-phone\" data-id=\"5bb37fe\" data-element_type=\"column\" data-e-type=\"column\">\n\t\t\t<div class=\"elementor-widget-wrap elementor-element-populated\">\n\t\t\t\t\t\t<div class=\"elementor-element elementor-element-5bb3b6c elementor-widget elementor-widget-stm_sidebar\" data-id=\"5bb3b6c\" data-element_type=\"widget\" data-e-type=\"widget\" data-widget_type=\"stm_sidebar.default\">\n\t\t\t\t<div class=\"elementor-widget-container\">\n\t\t\t\t\t\n<div class=\"stm_sidebar consulting_elementor_sidebar\">\n\n            \t\t<div data-elementor-type=\"wp-post\" data-elementor-id=\"573\" class=\"elementor elementor-573\" data-elementor-post-type=\"stm_vc_sidebar\">\n\t\t\t\t\t\t<section data-particle_enable=\"false\" data-particle-mobile-disabled=\"false\" class=\"elementor-section elementor-top-section elementor-element elementor-element-4b4f4f3 elementor-section-boxed elementor-section-height-default elementor-section-height-default\" data-id=\"4b4f4f3\" data-element_type=\"section\" data-e-type=\"section\" data-settings=\"{&quot;background_background&quot;:&quot;classic&quot;}\">\n\t\t\t\t\t\t<div class=\"elementor-container elementor-column-gap-default\">\n\t\t\t\t\t<div class=\"elementor-column elementor-col-100 elementor-top-column elementor-element elementor-element-4b4f99f\" data-id=\"4b4f99f\" data-element_type=\"column\" data-e-type=\"column\" data-settings=\"{&quot;background_background&quot;:&quot;classic&quot;}\">\n\t\t\t<div class=\"elementor-widget-wrap elementor-element-populated\">\n\t\t\t\t\t\t<div class=\"elementor-element elementor-element-4b4fd6d elementor-widget elementor-widget-vc_custom_heading\" data-id=\"4b4fd6d\" data-element_type=\"widget\" data-e-type=\"widget\" data-widget_type=\"vc_custom_heading.default\">\n\t\t\t\t<div class=\"elementor-widget-container\">\n\t\t\t\t\t<div class=\"vc_custom_heading  consulting_heading_font  text_align_left\" ><div style=\"font-size: 16px;color: #FFFFFF;text-align: left;font-weight:700\" class=\"consulting-custom-title\">l\u00e0m th\u1ebf n\u00e0o ch\u00fang t\u00f4i c\u00f3 th\u1ec3 gi\u00fap g\u00ec b\u1ea1n?\n<\/div><\/div>\t\t\t\t<\/div>\n\t\t\t\t<\/div>\n\t\t\t\t<div class=\"elementor-element elementor-element-4b50083 elementor-widget elementor-widget-text-editor\" data-id=\"4b50083\" data-element_type=\"widget\" data-e-type=\"widget\" data-widget_type=\"text-editor.default\">\n\t\t\t\t<div class=\"elementor-widget-container\">\n\t\t\t\t\t\t\t\t\t<p>Li\u00ean h\u1ec7 v\u1edbi ch\u00fang t\u00f4i t\u1ea1i nh\u00e0 T\u01b0 v\u1ea5n WP g\u1ea7n nh\u1ea5t ho\u1eb7c g\u1eedi m\u1ed9t doanh nghi\u1ec7p h\u1ecfi tr\u1ef1c tuy\u1ebfn.<\/p>\n\t\t\t\t\t\t\t\t<\/div>\n\t\t\t\t<\/div>\n\t\t\t\t<div class=\"elementor-element elementor-element-4b502dd elementor-widget__width-auto elementor-widget elementor-widget-button\" data-id=\"4b502dd\" data-element_type=\"widget\" data-e-type=\"widget\" data-widget_type=\"button.default\">\n\t\t\t\t<div class=\"elementor-widget-container\">\n\t\t\t\t\t\t\t\t\t<div class=\"elementor-button-wrapper icon_align_\">\n\t\t\t\t\t<a class=\"elementor-button elementor-button-link elementor-size-sm\" href=\"#\">\n\t\t\t\t\t\t<span class=\"elementor-button-content-wrapper\">\n\t\t\t\t\t\t<span class=\"elementor-button-icon\">\n\t\t\t\t<i aria-hidden=\"true\" class=\"fa fa-phone-square\"><\/i>\t\t\t<\/span>\n\t\t\t\t\t\t\t\t\t<span class=\"elementor-button-text\">li\u00ean l\u1ea1c<\/span>\n\t\t\t\t\t<\/span>\n\t\t\t\t\t<\/a>\n\t\t\t\t<\/div>\n\t\t\t\t\t\t\t\t<\/div>\n\t\t\t\t<\/div>\n\t\t\t\t\t<\/div>\n\t\t<\/div>\n\t\t\t\t\t<\/div>\n\t\t<\/section>\n\t\t\t\t<section data-particle_enable=\"false\" data-particle-mobile-disabled=\"false\" class=\"elementor-section elementor-top-section elementor-element elementor-element-4b50f9b elementor-section-boxed elementor-section-height-default elementor-section-height-default\" data-id=\"4b50f9b\" data-element_type=\"section\" data-e-type=\"section\" data-settings=\"{&quot;background_background&quot;:&quot;classic&quot;}\">\n\t\t\t\t\t\t<div class=\"elementor-container elementor-column-gap-default\">\n\t\t\t\t\t<div class=\"elementor-column elementor-col-100 elementor-top-column elementor-element elementor-element-4b5148d\" data-id=\"4b5148d\" data-element_type=\"column\" data-e-type=\"column\">\n\t\t\t<div class=\"elementor-widget-wrap elementor-element-populated\">\n\t\t\t\t\t\t<div class=\"elementor-element elementor-element-4b518d2 elementor-align-left elementor-widget elementor-widget-button\" data-id=\"4b518d2\" data-element_type=\"widget\" data-e-type=\"widget\" data-widget_type=\"button.default\">\n\t\t\t\t<div class=\"elementor-widget-container\">\n\t\t\t\t\t\t\t\t\t<div class=\"elementor-button-wrapper icon_align_  button_block\">\n\t\t\t\t\t<a class=\"elementor-button elementor-button-link elementor-size-lg\" href=\"#\">\n\t\t\t\t\t\t<span class=\"elementor-button-content-wrapper\">\n\t\t\t\t\t\t<span class=\"elementor-button-icon\">\n\t\t\t\t<i aria-hidden=\"true\" class=\"fa fa-file-pdf-o\"><\/i>\t\t\t<\/span>\n\t\t\t\t\t\t\t\t\t<span class=\"elementor-button-text\">Tr\u00ecnh b\u00e0y c\u00f4ng ty<\/span>\n\t\t\t\t\t<\/span>\n\t\t\t\t\t<\/a>\n\t\t\t\t<\/div>\n\t\t\t\t\t\t\t\t<\/div>\n\t\t\t\t<\/div>\n\t\t\t\t<div class=\"elementor-element elementor-element-4b522bb elementor-widget elementor-widget-stm_testimonials\" data-id=\"4b522bb\" data-element_type=\"widget\" data-e-type=\"widget\" data-widget_type=\"stm_testimonials.default\">\n\t\t\t\t<div class=\"elementor-widget-container\">\n\t\t\t\t\t\n\n\t\t\t<div class=\"stm_testimonials consulting_elementor_testimonials style_1\">\n\t\t\t\t\t\t\t<div class=\"item\">\n\t\t\t\t\t<div class=\"testimonial\"><p>V\u1ea5n \u0111\u1ec1 l\u00e0 m\u1ed9t \u0111\u1ed1i t\u00e1c v\u00f4 gi\u00e1. \u0110\u1ed9i c\u1ee7a ch\u00fang t\u00f4i \u0111\u00e3 h\u1ee3p t\u00e1c \u0111\u1ec3 h\u1ed7 tr\u1ee3 s\u1ef1 ph\u00e1t tri\u1ec3n l\u0129nh v\u1ef1c c\u1ee7a c\u00e1c h\u1ecdc s\u1eed d\u1ee5ng t\u00e1c \u0111\u1ed9ng t\u1eadp th\u1ec3.<\/p>\n<\/div>\n\t\t\t\t\t<div class=\"testimonial-info clearfix\">\n\t\t\t\t\t\t<div class=\"testimonial-image\"><img decoding=\"async\" width=\"50\" height=\"50\" src=\"https:\/\/phoposusa.com\/wp-content\/uploads\/2020\/03\/placeholder-50x50.gif\" class=\"attachment-consulting-image-50x50-croped size-consulting-image-50x50-croped wp-post-image\" alt=\"theme_placeholder\" srcset=\"https:\/\/phoposusa.com\/wp-content\/uploads\/2020\/03\/placeholder-50x50.gif 50w, https:\/\/phoposusa.com\/wp-content\/uploads\/2020\/03\/placeholder-300x300.gif 300w, https:\/\/phoposusa.com\/wp-content\/uploads\/2020\/03\/placeholder-100x100.gif 100w, https:\/\/phoposusa.com\/wp-content\/uploads\/2020\/03\/placeholder-150x150.gif 150w, https:\/\/phoposusa.com\/wp-content\/uploads\/2020\/03\/placeholder-320x320.gif 320w\" sizes=\"(max-width: 50px) 100vw, 50px\" \/><\/div>\n\t\t\t\t\t\t<div class=\"testimonial-text\">\n\t\t\t\t\t\t\t<div class=\"name\">Donald Simpson<\/div>\n\t\t\t\t\t\t\t<div class=\"company\">\n\t\t\t\t\t\t\tCh\u1ee7 T\u1ecbch, Fantasy Springs Corp\t\t\t\t\t\t\t<\/div>\n\t\t\t\t\t\t<\/div>\n\t\t\t\t\t<\/div>\n\t\t\t\t<\/div>\n\t\t\t\t\t<\/div>\n\t\n\t\t\t\t\t<\/div>\n\t\t\t\t<\/div>\n\t\t\t\t\t<\/div>\n\t\t<\/div>\n\t\t\t\t\t<\/div>\n\t\t<\/section>\n\t\t\t\t<\/div>\n\t\t    \n<\/div>\t\t\t\t<\/div>\n\t\t\t\t<\/div>\n\t\t\t\t\t<\/div>\n\t\t<\/div>\n\t\t\t\t\t<\/div>\n\t\t<\/section>\n\t\t\t\t<section data-particle_enable=\"false\" data-particle-mobile-disabled=\"false\" class=\"elementor-section elementor-top-section elementor-element elementor-element-5bb3c22 third_bg_color elementor-section-boxed elementor-section-height-default elementor-section-height-default\" data-id=\"5bb3c22\" data-element_type=\"section\" data-e-type=\"section\" data-settings=\"{&quot;background_background&quot;:&quot;classic&quot;}\">\n\t\t\t\t\t\t<div class=\"elementor-container elementor-column-gap-default\">\n\t\t\t\t\t<div class=\"elementor-column elementor-col-100 elementor-top-column elementor-element elementor-element-5bb4027\" data-id=\"5bb4027\" data-element_type=\"column\" data-e-type=\"column\">\n\t\t\t<div class=\"elementor-widget-wrap elementor-element-populated\">\n\t\t\t\t\t\t<div class=\"elementor-element elementor-element-5bb4366 elementor-widget elementor-widget-vc_cta\" data-id=\"5bb4366\" data-element_type=\"widget\" data-e-type=\"widget\" data-widget_type=\"vc_cta.default\">\n\t\t\t\t<div class=\"elementor-widget-container\">\n\t\t\t\t\t\n<div class=\"ce_cta ce_cta_ee8286eb0b53bc2b8bf18850c4d8ac54 ce_text_left third_bg_color add_button_right btn_align_right btn_button_block_ btn_has_icon btn_has_icon_on_the_right\" id=\"\">\n\n    <div class=\"ce_cta__content\">\n        <div class=\"ce_cta__content__header\">\n            <h2  class='ce_cta__content__title'>T\u00ecm ki\u1ebfm m\u1ed9t k\u1ebf Ho\u1ea1ch kinh Doanh t\u01b0 V\u1ea5n?<\/h2>                    <\/div>\n\n        \n    <\/div>\n\n    \n        <div class=\"ce_cta__action\">\n            <a href=\"#\"\n                              target=\"_self\"\n               class=\"button\">\n                <span>c\u00f3 m\u1ed9t c\u00e2u tr\u00edch d\u1eabn<\/span>\n                                    <i class=\"fa fa-chevron-right\"><\/i>\n                            <\/a>\n        <\/div>\n\n    \n<\/div>\n\t\t\t\t<\/div>\n\t\t\t\t<\/div>\n\t\t\t\t\t<\/div>\n\t\t<\/div>\n\t\t\t\t\t<\/div>\n\t\t<\/section>\n\t\t\t\t<\/div>","protected":false},"excerpt":{"rendered":"<p>QR Code support We work with our clients and do a deep analysis of their business. We help prepare possible outcomes to different decisions. read more Merchant Services We work with our clients and do a deep analysis of their business. We help prepare possible outcomes to different decisions. read more Online Ordering We work<\/p>","protected":false},"author":1,"featured_media":7604,"parent":0,"menu_order":0,"comment_status":"closed","ping_status":"closed","template":"","meta":{"footnotes":""},"class_list":["post-7591","page","type-page","status-publish","has-post-thumbnail","hentry"],"_links":{"self":[{"href":"https:\/\/phoposusa.com\/vi\/wp-json\/wp\/v2\/pages\/7591","targetHints":{"allow":["GET"]}}],"collection":[{"href":"https:\/\/phoposusa.com\/vi\/wp-json\/wp\/v2\/pages"}],"about":[{"href":"https:\/\/phoposusa.com\/vi\/wp-json\/wp\/v2\/types\/page"}],"author":[{"embeddable":true,"href":"https:\/\/phoposusa.com\/vi\/wp-json\/wp\/v2\/users\/1"}],"replies":[{"embeddable":true,"href":"https:\/\/phoposusa.com\/vi\/wp-json\/wp\/v2\/comments?post=7591"}],"version-history":[{"count":4,"href":"https:\/\/phoposusa.com\/vi\/wp-json\/wp\/v2\/pages\/7591\/revisions"}],"predecessor-version":[{"id":7597,"href":"https:\/\/phoposusa.com\/vi\/wp-json\/wp\/v2\/pages\/7591\/revisions\/7597"}],"wp:featuredmedia":[{"embeddable":true,"href":"https:\/\/phoposusa.com\/vi\/wp-json\/wp\/v2\/media\/7604"}],"wp:attachment":[{"href":"https:\/\/phoposusa.com\/vi\/wp-json\/wp\/v2\/media?parent=7591"}],"curies":[{"name":"wp","href":"https:\/\/api.w.org\/{rel}","templated":true}]}}