{"id":6266,"date":"2019-11-26T09:25:26","date_gmt":"2019-11-26T09:25:26","guid":{"rendered":"http:\/\/consulting.stylemixthemes.com\/demo\/?page_id=6266"},"modified":"2022-10-01T01:02:49","modified_gmt":"2022-10-01T01:02:49","slug":"bilingual-kitchen","status":"publish","type":"page","link":"https:\/\/phoposusa.com\/vi\/bilingual-kitchen\/","title":{"rendered":"Song B\u1ebfp"},"content":{"rendered":"<div data-elementor-type=\"wp-page\" data-elementor-id=\"6266\" class=\"elementor elementor-6266 elementor-bc-flex-widget\" data-elementor-post-type=\"page\">\n\t\t\t\t\t\t<section data-particle_enable=\"false\" data-particle-mobile-disabled=\"false\" class=\"elementor-section elementor-top-section elementor-element elementor-element-bf1f623 elementor-section-boxed elementor-section-height-default elementor-section-height-default\" data-id=\"bf1f623\" data-element_type=\"section\" data-e-type=\"section\">\n\t\t\t\t\t\t<div class=\"elementor-container elementor-column-gap-default\">\n\t\t\t\t\t<div class=\"elementor-column elementor-col-100 elementor-top-column elementor-element elementor-element-bf1fa4e\" data-id=\"bf1fa4e\" data-element_type=\"column\" data-e-type=\"column\">\n\t\t\t<div class=\"elementor-widget-wrap elementor-element-populated\">\n\t\t\t\t\t\t<div class=\"elementor-element elementor-element-bf1fe4a elementor-widget elementor-widget-stm_services\" data-id=\"bf1fe4a\" data-element_type=\"widget\" data-e-type=\"widget\" data-widget_type=\"stm_services.default\">\n\t\t\t\t<div class=\"elementor-widget-container\">\n\t\t\t\t\t\n    <div class=\"stm_services consulting_elementor_services style_6 cols_3\">\n                                <div class=\"item\">\n                <div class=\"item_wr\">\n                                            \n                        <div class=\"item_thumbnail\">\n                            <a href=\"https:\/\/phoposusa.com\/vi\/service\/qr-code-support\/\">\n                                <img src='https:\/\/phoposusa.com\/wp-content\/uploads\/elementor\/thumbs\/qr-code-interactive-digital-menu-compressed-prw4ozoftjsg5o1ac4utrfbdyxm1rluw4z3l0w9u6g.jpg' alt='' \/>                            <\/a>\n                                                    <\/div>\n                                                            <div class=\"content\" >\n                                                                            <h5>\n                                <a href=\"https:\/\/phoposusa.com\/vi\/service\/qr-code-support\/\"\n                                                                       class=\"text_decoration_none secondary_font_color_hv\">QR h\u1ed7 tr\u1ee3 M\u00e3<\/a>\n                            <\/h5>\n                                                                            <p>Ch\u00fang t\u00f4i l\u00e0m vi\u1ec7c v\u1edbi kh\u00e1ch h\u00e0ng c\u1ee7a ch\u00fang t\u00f4i v\u00e0 l\u00e0m m\u1ed9t ph\u00e2n t\u00edch kinh doanh c\u1ee7a h\u1ecd. Ch\u00fang t\u00f4i gi\u00fap chu\u1ea9n b\u1ecb k\u1ebft qu\u1ea3 c\u00f3 th\u1ec3 \u0111\u1ec3 quy\u1ebft \u0111\u1ecbnh kh\u00e1c nhau.<\/p>\n                                                                            <a class=\"read_more\"\n                               href=\"https:\/\/phoposusa.com\/vi\/service\/qr-code-support\/\" >\n                                <span>read more<\/span>\n                                <i class=\"fa fa-chevron-right stm_icon\"><\/i>\n                            <\/a>\n                                            <\/div>\n                <\/div>\n            <\/div>\n                                <div class=\"item\">\n                <div class=\"item_wr\">\n                                            \n                        <div class=\"item_thumbnail\">\n                            <a href=\"https:\/\/phoposusa.com\/vi\/service\/merchant-services\/\">\n                                <img src='https:\/\/phoposusa.com\/wp-content\/uploads\/elementor\/thumbs\/credit-card-processing-hollywood-fl-prvye2h3wf5fanniejo8b6sb7630i5zpxtan52qebs.webp' alt='' \/>                            <\/a>\n                                                    <\/div>\n                                                            <div class=\"content\" >\n                                                                            <h5>\n                                <a href=\"https:\/\/phoposusa.com\/vi\/service\/merchant-services\/\"\n                                                                       class=\"text_decoration_none secondary_font_color_hv\">D\u1ecbch V\u1ee5 Th\u01b0\u01a1ng<\/a>\n                            <\/h5>\n                                                                            <p>Ch\u00fang t\u00f4i l\u00e0m vi\u1ec7c v\u1edbi kh\u00e1ch h\u00e0ng c\u1ee7a ch\u00fang t\u00f4i v\u00e0 l\u00e0m m\u1ed9t ph\u00e2n t\u00edch kinh doanh c\u1ee7a h\u1ecd. Ch\u00fang t\u00f4i gi\u00fap chu\u1ea9n b\u1ecb k\u1ebft qu\u1ea3 c\u00f3 th\u1ec3 \u0111\u1ec3 quy\u1ebft \u0111\u1ecbnh kh\u00e1c nhau.<\/p>\n                                                                            <a class=\"read_more\"\n                               href=\"https:\/\/phoposusa.com\/vi\/service\/merchant-services\/\" >\n                                <span>read more<\/span>\n                                <i class=\"fa fa-chevron-right stm_icon\"><\/i>\n                            <\/a>\n                                            <\/div>\n                <\/div>\n            <\/div>\n                                <div class=\"item\">\n                <div class=\"item_wr\">\n                                            \n                        <div class=\"item_thumbnail\">\n                            <a href=\"https:\/\/phoposusa.com\/vi\/service\/online-ordering\/\">\n                                <img src='https:\/\/phoposusa.com\/wp-content\/uploads\/elementor\/thumbs\/website_mobileapps-pr3435ef1q88l2m91awy7mmham0lb29xhccu44ttzc.png' alt='' \/>                            <\/a>\n                                                    <\/div>\n                                                            <div class=\"content\" >\n                                                                            <h5>\n                                <a href=\"https:\/\/phoposusa.com\/vi\/service\/online-ordering\/\"\n                                                                       class=\"text_decoration_none secondary_font_color_hv\">\u0110\u1eb7t H\u00e0ng Tr\u1ef1c Tuy\u1ebfn<\/a>\n                            <\/h5>\n                                                                            <p>Ch\u00fang t\u00f4i l\u00e0m vi\u1ec7c v\u1edbi kh\u00e1ch h\u00e0ng c\u1ee7a ch\u00fang t\u00f4i v\u00e0 l\u00e0m m\u1ed9t ph\u00e2n t\u00edch kinh doanh c\u1ee7a h\u1ecd. Ch\u00fang t\u00f4i gi\u00fap chu\u1ea9n b\u1ecb k\u1ebft qu\u1ea3 c\u00f3 th\u1ec3 \u0111\u1ec3 quy\u1ebft \u0111\u1ecbnh kh\u00e1c nhau.<\/p>\n                                                                            <a class=\"read_more\"\n                               href=\"https:\/\/phoposusa.com\/vi\/service\/online-ordering\/\" >\n                                <span>read more<\/span>\n                                <i class=\"fa fa-chevron-right stm_icon\"><\/i>\n                            <\/a>\n                                            <\/div>\n                <\/div>\n            <\/div>\n                                <div class=\"item\">\n                <div class=\"item_wr\">\n                                            \n                        <div class=\"item_thumbnail\">\n                            <a href=\"https:\/\/phoposusa.com\/vi\/service\/marketing-services\/\">\n                                <img src='https:\/\/phoposusa.com\/wp-content\/uploads\/elementor\/thumbs\/Bar-POS-compressed-pr1ngtbtlp0yg68umgsd5nnyraycmtw9194zstktu0.jpg' alt='' \/>                            <\/a>\n                                                    <\/div>\n                                                            <div class=\"content\" >\n                                                                            <h5>\n                                <a href=\"https:\/\/phoposusa.com\/vi\/service\/marketing-services\/\"\n                                                                       class=\"text_decoration_none secondary_font_color_hv\">D\u1ecbch V\u1ee5 Ti\u1ebfp<\/a>\n                            <\/h5>\n                                                                            <p>C\u00f4ng ty kh\u00f4ng th\u00edch thu\u1eadt ng\u1eef &#039;quay v\u00f2ng, t\u01b0 v\u1ea5n&#039; b\u1edfi v\u00ec n\u00f3 \u0111\u1ea1i di\u1ec7n cho s\u1ef1 th\u1ea5t b\u1ea1i. S\u1ef1 th\u1eadt l\u00e0 quay v\u00f2ng, t\u01b0 v\u1ea5n cho s\u1ef1 th\u00e0nh c\u00f4ng.<\/p>\n                                                                            <a class=\"read_more\"\n                               href=\"https:\/\/phoposusa.com\/vi\/service\/marketing-services\/\" >\n                                <span>read more<\/span>\n                                <i class=\"fa fa-chevron-right stm_icon\"><\/i>\n                            <\/a>\n                                            <\/div>\n                <\/div>\n            <\/div>\n                                <div class=\"item\">\n                <div class=\"item_wr\">\n                                            \n                        <div class=\"item_thumbnail\">\n                            <a href=\"https:\/\/phoposusa.com\/vi\/service\/self-ordering-kiosk\/\">\n                                <img src='https:\/\/phoposusa.com\/wp-content\/uploads\/elementor\/thumbs\/self-ordering-kiosk-machine-Singapore-pr2vehd3oo7kmms9snfjb11nph45vm08ts5c7mf9qg.jpg' alt='' \/>                            <\/a>\n                                                    <\/div>\n                                                            <div class=\"content\" >\n                                                                            <h5>\n                                <a href=\"https:\/\/phoposusa.com\/vi\/service\/self-ordering-kiosk\/\"\n                                                                       class=\"text_decoration_none secondary_font_color_hv\">Kiosk t\u1ef1 \u0111\u1eb7t h\u00e0ng<\/a>\n                            <\/h5>\n                                                                            <p>T\u1ef1 \u0110\u1eb7t h\u00e0ng ki-\u1ed0t cho Nh\u00e0 h\u00e0ng c\u00e1ch nh\u00e0 h\u00e0ng ho\u1ea1t \u0111\u1ed9ng v\u00e0 ch\u1ee9c n\u0103ng thay \u0111\u1ed5i li\u00ean t\u1ee5c do t\u1ef1 \u0111\u1ed9ng v\u00e0 c\u00f4ng ngh\u1ec7. T\u1ef1 \u0110\u1eb7t h\u00e0ng Qu\u00e1n, \u0111\u01b0\u1ee3c t\u00edch h\u1ee3p v\u1edbi m\u1ed9t nh\u00e0 h\u00e0ng c\u1ee7a POS h\u1ec7 th\u1ed1ng \u0111ang nhanh ch\u00f3ng thay \u0111\u1ed5i c\u00e1ch \u0111\u01a1n \u0111\u1eb7t h\u00e0ng \u0111\u01b0\u1ee3c \u0111\u1eb7t t\u1ea1i giao th\u00f4ng d\u00e0y \u0111\u1eb7c v\u1ee5 nhanh nh\u00e0 h\u00e0ng. Kh\u00e1ch h\u00e0ng c\u00f3 th\u1ec3 \u0111\u1eb7t h\u00e0ng tr\u1ef1c ti\u1ebfp t\u1ea1i t\u1ef1 \u0111\u1eb7t h\u00e0ng ki-\u1ed1t, c\u00f3 th\u1ec3 \u0111\u01b0\u1ee3c s\u1eed d\u1ee5ng<\/p>\n                                                                            <a class=\"read_more\"\n                               href=\"https:\/\/phoposusa.com\/vi\/service\/self-ordering-kiosk\/\" >\n                                <span>read more<\/span>\n                                <i class=\"fa fa-chevron-right stm_icon\"><\/i>\n                            <\/a>\n                                            <\/div>\n                <\/div>\n            <\/div>\n            <\/div>\n\t\t\t\t<\/div>\n\t\t\t\t<\/div>\n\t\t\t\t\t<\/div>\n\t\t<\/div>\n\t\t\t\t\t<\/div>\n\t\t<\/section>\n\t\t\t\t<\/div>","protected":false},"excerpt":{"rendered":"<p>[vc_row][vc_column][stm_services posts_per_page=&#8221;12&#8243; posts_per_row=&#8221;3&#8243; img_size=&#8221;360&#215;180&#8243; style=&#8221;style_6&#8243;][\/vc_column][\/vc_row]<\/p>","protected":false},"author":1,"featured_media":7678,"parent":0,"menu_order":0,"comment_status":"closed","ping_status":"closed","template":"","meta":{"footnotes":""},"class_list":["post-6266","page","type-page","status-publish","has-post-thumbnail","hentry"],"_links":{"self":[{"href":"https:\/\/phoposusa.com\/vi\/wp-json\/wp\/v2\/pages\/6266","targetHints":{"allow":["GET"]}}],"collection":[{"href":"https:\/\/phoposusa.com\/vi\/wp-json\/wp\/v2\/pages"}],"about":[{"href":"https:\/\/phoposusa.com\/vi\/wp-json\/wp\/v2\/types\/page"}],"author":[{"embeddable":true,"href":"https:\/\/phoposusa.com\/vi\/wp-json\/wp\/v2\/users\/1"}],"replies":[{"embeddable":true,"href":"https:\/\/phoposusa.com\/vi\/wp-json\/wp\/v2\/comments?post=6266"}],"version-history":[{"count":2,"href":"https:\/\/phoposusa.com\/vi\/wp-json\/wp\/v2\/pages\/6266\/revisions"}],"predecessor-version":[{"id":7680,"href":"https:\/\/phoposusa.com\/vi\/wp-json\/wp\/v2\/pages\/6266\/revisions\/7680"}],"wp:featuredmedia":[{"embeddable":true,"href":"https:\/\/phoposusa.com\/vi\/wp-json\/wp\/v2\/media\/7678"}],"wp:attachment":[{"href":"https:\/\/phoposusa.com\/vi\/wp-json\/wp\/v2\/media?parent=6266"}],"curies":[{"name":"wp","href":"https:\/\/api.w.org\/{rel}","templated":true}]}}