{"id":6228,"date":"2019-11-25T09:36:27","date_gmt":"2019-11-25T09:36:27","guid":{"rendered":"http:\/\/consulting.stylemixthemes.com\/demo\/?page_id=6228"},"modified":"2022-10-01T01:05:03","modified_gmt":"2022-10-01T01:05:03","slug":"support","status":"publish","type":"page","link":"https:\/\/phoposusa.com\/vi\/support\/","title":{"rendered":"H\u1ed7 tr\u1ee3"},"content":{"rendered":"<div data-elementor-type=\"wp-page\" data-elementor-id=\"6228\" class=\"elementor elementor-6228 elementor-bc-flex-widget\" data-elementor-post-type=\"page\">\n\t\t\t\t\t\t<section data-particle_enable=\"false\" data-particle-mobile-disabled=\"false\" class=\"elementor-section elementor-top-section elementor-element elementor-element-c2cbfa6 elementor-section-boxed elementor-section-height-default elementor-section-height-default\" data-id=\"c2cbfa6\" data-element_type=\"section\" data-e-type=\"section\">\n\t\t\t\t\t\t<div class=\"elementor-container elementor-column-gap-default\">\n\t\t\t\t\t<div class=\"elementor-column elementor-col-66 elementor-top-column elementor-element elementor-element-c2cc47d\" data-id=\"c2cc47d\" data-element_type=\"column\" data-e-type=\"column\">\n\t\t\t<div class=\"elementor-widget-wrap elementor-element-populated\">\n\t\t\t\t\t\t<div class=\"elementor-element elementor-element-c2cc7ec elementor-widget elementor-widget-stm_services\" data-id=\"c2cc7ec\" data-element_type=\"widget\" data-e-type=\"widget\" data-widget_type=\"stm_services.default\">\n\t\t\t\t<div class=\"elementor-widget-container\">\n\t\t\t\t\t\n    <div class=\"stm_services consulting_elementor_services style_5 cols_4\">\n                    <div class=\"item\">\n                <div class=\"item_wr\">\n                                                                    <div class=\"item_thumbnail\">\n                            <a href=\"https:\/\/phoposusa.com\/vi\/service\/qr-code-support\/\"><img src='https:\/\/phoposusa.com\/wp-content\/uploads\/elementor\/thumbs\/qr-code-interactive-digital-menu-compressed-prw4ozoelp0iylhetosvbqq1a20795f8lbggp5o3ac.jpg' alt='' \/><\/a>\n                        <\/div>\n                                        <div class=\"item_info\">\n                        <a href=\"https:\/\/phoposusa.com\/vi\/service\/qr-code-support\/\" class=\"base_font_color text_decoration_none\">\n                            <h5 class=\"secondary_font_color_hv\">QR h\u1ed7 tr\u1ee3 M\u00e3<\/h5>\n                        <\/a>\n                        <div class=\"item_description\">\n                            Ch\u00fang t\u00f4i l\u00e0m vi\u1ec7c v\u1edbi kh\u00e1ch h\u00e0ng c\u1ee7a ch\u00fang t\u00f4i v\u00e0 l\u00e0m m\u1ed9t ph\u00e2n t\u00edch kinh doanh c\u1ee7a h\u1ecd. Ch\u00fang t\u00f4i gi\u00fap chu\u1ea9n b\u1ecb k\u1ebft qu\u1ea3 c\u00f3 th\u1ec3 \u0111\u1ec3 quy\u1ebft \u0111\u1ecbnh kh\u00e1c nhau.                        <\/div>\n                        <a href=\"https:\/\/phoposusa.com\/vi\/service\/qr-code-support\/\" class=\"read_more\"><i class=\"stm-lnr-arrow-right third_bg_color\"><\/i>Read more                        <\/a>\n                    <\/div>\n                <\/div>\n            <\/div>\n                    <div class=\"item\">\n                <div class=\"item_wr\">\n                                                                    <div class=\"item_thumbnail\">\n                            <a href=\"https:\/\/phoposusa.com\/vi\/service\/merchant-services\/\"><img src='https:\/\/phoposusa.com\/wp-content\/uploads\/elementor\/thumbs\/credit-card-processing-hollywood-fl-prvye2h2okdi3l3mw3m9vi6yiah5zpk2e5nitc4nfo.webp' alt='' \/><\/a>\n                        <\/div>\n                                        <div class=\"item_info\">\n                        <a href=\"https:\/\/phoposusa.com\/vi\/service\/merchant-services\/\" class=\"base_font_color text_decoration_none\">\n                            <h5 class=\"secondary_font_color_hv\">D\u1ecbch V\u1ee5 Th\u01b0\u01a1ng<\/h5>\n                        <\/a>\n                        <div class=\"item_description\">\n                            Ch\u00fang t\u00f4i l\u00e0m vi\u1ec7c v\u1edbi kh\u00e1ch h\u00e0ng c\u1ee7a ch\u00fang t\u00f4i v\u00e0 l\u00e0m m\u1ed9t ph\u00e2n t\u00edch kinh doanh c\u1ee7a h\u1ecd. Ch\u00fang t\u00f4i gi\u00fap chu\u1ea9n b\u1ecb k\u1ebft qu\u1ea3 c\u00f3 th\u1ec3 \u0111\u1ec3 quy\u1ebft \u0111\u1ecbnh kh\u00e1c nhau.                        <\/div>\n                        <a href=\"https:\/\/phoposusa.com\/vi\/service\/merchant-services\/\" class=\"read_more\"><i class=\"stm-lnr-arrow-right third_bg_color\"><\/i>Read more                        <\/a>\n                    <\/div>\n                <\/div>\n            <\/div>\n                    <div class=\"item\">\n                <div class=\"item_wr\">\n                                                                    <div class=\"item_thumbnail\">\n                            <a href=\"https:\/\/phoposusa.com\/vi\/service\/online-ordering\/\"><img src='https:\/\/phoposusa.com\/wp-content\/uploads\/elementor\/thumbs\/website_mobileapps-pr3435edtvgbe02diuuzry14lqeqslu9xoppse8338.png' alt='' \/><\/a>\n                        <\/div>\n                                        <div class=\"item_info\">\n                        <a href=\"https:\/\/phoposusa.com\/vi\/service\/online-ordering\/\" class=\"base_font_color text_decoration_none\">\n                            <h5 class=\"secondary_font_color_hv\">\u0110\u1eb7t H\u00e0ng Tr\u1ef1c Tuy\u1ebfn<\/h5>\n                        <\/a>\n                        <div class=\"item_description\">\n                            Ch\u00fang t\u00f4i l\u00e0m vi\u1ec7c v\u1edbi kh\u00e1ch h\u00e0ng c\u1ee7a ch\u00fang t\u00f4i v\u00e0 l\u00e0m m\u1ed9t ph\u00e2n t\u00edch kinh doanh c\u1ee7a h\u1ecd. Ch\u00fang t\u00f4i gi\u00fap chu\u1ea9n b\u1ecb k\u1ebft qu\u1ea3 c\u00f3 th\u1ec3 \u0111\u1ec3 quy\u1ebft \u0111\u1ecbnh kh\u00e1c nhau.                        <\/div>\n                        <a href=\"https:\/\/phoposusa.com\/vi\/service\/online-ordering\/\" class=\"read_more\"><i class=\"stm-lnr-arrow-right third_bg_color\"><\/i>Read more                        <\/a>\n                    <\/div>\n                <\/div>\n            <\/div>\n                    <div class=\"item\">\n                <div class=\"item_wr\">\n                                                                    <div class=\"item_thumbnail\">\n                            <a href=\"https:\/\/phoposusa.com\/vi\/service\/marketing-services\/\"><img src='https:\/\/phoposusa.com\/wp-content\/uploads\/elementor\/thumbs\/Bar-POS-compressed-pr1ngtbsdu9193oz40qepz2m2fci4dglhlhvh2z2xw.jpg' alt='' \/><\/a>\n                        <\/div>\n                                        <div class=\"item_info\">\n                        <a href=\"https:\/\/phoposusa.com\/vi\/service\/marketing-services\/\" class=\"base_font_color text_decoration_none\">\n                            <h5 class=\"secondary_font_color_hv\">D\u1ecbch V\u1ee5 Ti\u1ebfp<\/h5>\n                        <\/a>\n                        <div class=\"item_description\">\n                            C\u00f4ng ty kh\u00f4ng th\u00edch thu\u1eadt ng\u1eef &#039;quay v\u00f2ng, t\u01b0 v\u1ea5n&#039; b\u1edfi v\u00ec n\u00f3 \u0111\u1ea1i di\u1ec7n cho s\u1ef1 th\u1ea5t b\u1ea1i. S\u1ef1 th\u1eadt l\u00e0 quay v\u00f2ng, t\u01b0 v\u1ea5n cho s\u1ef1 th\u00e0nh c\u00f4ng.                        <\/div>\n                        <a href=\"https:\/\/phoposusa.com\/vi\/service\/marketing-services\/\" class=\"read_more\"><i class=\"stm-lnr-arrow-right third_bg_color\"><\/i>Read more                        <\/a>\n                    <\/div>\n                <\/div>\n            <\/div>\n                    <div class=\"item\">\n                <div class=\"item_wr\">\n                                                                    <div class=\"item_thumbnail\">\n                            <a href=\"https:\/\/phoposusa.com\/vi\/service\/self-ordering-kiosk\/\"><img src='https:\/\/phoposusa.com\/wp-content\/uploads\/elementor\/thumbs\/self-ordering-kiosk-machine-Singapore-pr2vehd2gtfnfk8ea7dkvcgb0libd5kla4i7vvtiuc.jpg' alt='' \/><\/a>\n                        <\/div>\n                                        <div class=\"item_info\">\n                        <a href=\"https:\/\/phoposusa.com\/vi\/service\/self-ordering-kiosk\/\" class=\"base_font_color text_decoration_none\">\n                            <h5 class=\"secondary_font_color_hv\">Kiosk t\u1ef1 \u0111\u1eb7t h\u00e0ng<\/h5>\n                        <\/a>\n                        <div class=\"item_description\">\n                            T\u1ef1 \u0110\u1eb7t h\u00e0ng ki-\u1ed0t cho Nh\u00e0 h\u00e0ng c\u00e1ch nh\u00e0 h\u00e0ng ho\u1ea1t \u0111\u1ed9ng v\u00e0 ch\u1ee9c n\u0103ng thay \u0111\u1ed5i li\u00ean t\u1ee5c do t\u1ef1 \u0111\u1ed9ng v\u00e0 c\u00f4ng ngh\u1ec7. T\u1ef1 \u0110\u1eb7t h\u00e0ng Qu\u00e1n, \u0111\u01b0\u1ee3c t\u00edch h\u1ee3p v\u1edbi m\u1ed9t nh\u00e0 h\u00e0ng c\u1ee7a POS h\u1ec7 th\u1ed1ng \u0111ang nhanh ch\u00f3ng thay \u0111\u1ed5i c\u00e1ch \u0111\u01a1n \u0111\u1eb7t h\u00e0ng \u0111\u01b0\u1ee3c \u0111\u1eb7t t\u1ea1i giao th\u00f4ng d\u00e0y \u0111\u1eb7c v\u1ee5 nhanh nh\u00e0 h\u00e0ng. Kh\u00e1ch h\u00e0ng c\u00f3 th\u1ec3 \u0111\u1eb7t h\u00e0ng tr\u1ef1c ti\u1ebfp t\u1ea1i t\u1ef1 \u0111\u1eb7t h\u00e0ng ki-\u1ed1t, c\u00f3 th\u1ec3 \u0111\u01b0\u1ee3c s\u1eed d\u1ee5ng                        <\/div>\n                        <a href=\"https:\/\/phoposusa.com\/vi\/service\/self-ordering-kiosk\/\" class=\"read_more\"><i class=\"stm-lnr-arrow-right third_bg_color\"><\/i>Read more                        <\/a>\n                    <\/div>\n                <\/div>\n            <\/div>\n            <\/div>\n\t\t\t\t<\/div>\n\t\t\t\t<\/div>\n\t\t\t\t\t<\/div>\n\t\t<\/div>\n\t\t\t\t<div class=\"elementor-column elementor-col-33 elementor-top-column elementor-element elementor-element-c2cc8a1\" data-id=\"c2cc8a1\" data-element_type=\"column\" data-e-type=\"column\">\n\t\t\t<div class=\"elementor-widget-wrap elementor-element-populated\">\n\t\t\t\t\t\t<div class=\"elementor-element elementor-element-c2ccbf1 elementor-widget elementor-widget-stm_sidebar\" data-id=\"c2ccbf1\" data-element_type=\"widget\" data-e-type=\"widget\" data-widget_type=\"stm_sidebar.default\">\n\t\t\t\t<div class=\"elementor-widget-container\">\n\t\t\t\t\t\n<div class=\"stm_sidebar consulting_elementor_sidebar\">\n\n            \t\t<div data-elementor-type=\"wp-post\" data-elementor-id=\"577\" class=\"elementor elementor-577\" data-elementor-post-type=\"stm_vc_sidebar\">\n\t\t\t\t\t\t<section data-particle_enable=\"false\" data-particle-mobile-disabled=\"false\" class=\"elementor-section elementor-top-section elementor-element elementor-element-4984789 elementor-section-boxed elementor-section-height-default elementor-section-height-default\" data-id=\"4984789\" data-element_type=\"section\" data-e-type=\"section\">\n\t\t\t\t\t\t<div class=\"elementor-container elementor-column-gap-default\">\n\t\t\t\t\t<div class=\"elementor-column elementor-col-100 elementor-top-column elementor-element elementor-element-4984bc3\" data-id=\"4984bc3\" data-element_type=\"column\" data-e-type=\"column\">\n\t\t\t<div class=\"elementor-widget-wrap elementor-element-populated\">\n\t\t\t\t\t\t<div class=\"elementor-element elementor-element-4984f29 elementor-widget elementor-widget-wp-widget-nav_menu\" data-id=\"4984f29\" data-element_type=\"widget\" data-e-type=\"widget\" data-widget_type=\"wp-widget-nav_menu.default\">\n\t\t\t\t<div class=\"elementor-widget-container\">\n\t\t\t\t\t<aside class='widget widget_nav_menu'><div class=\"menu-extra-links-container\"><ul id=\"menu-extra-links\" class=\"menu\"><li id=\"menu-item-7008\" class=\"menu-item menu-item-type-post_type menu-item-object-page menu-item-7008\"><a href=\"https:\/\/phoposusa.com\/vi\/company-overview\/\">V\u1ec1<\/a><\/li>\n<li id=\"menu-item-7441\" class=\"menu-item menu-item-type-post_type menu-item-object-page menu-item-7441\"><a href=\"https:\/\/phoposusa.com\/vi\/contact-us\/\">Li\u00ean l\u1ea1c v\u1edbi ch\u00fang t\u00f4i<\/a><\/li>\n<li id=\"menu-item-7442\" class=\"menu-item menu-item-type-post_type menu-item-object-page menu-item-7442\"><a href=\"https:\/\/phoposusa.com\/vi\/faq\/\">H\u1eceI<\/a><\/li>\n<li id=\"menu-item-7443\" class=\"menu-item menu-item-type-post_type menu-item-object-page menu-item-7443\"><a href=\"https:\/\/phoposusa.com\/vi\/make-an-appointment\/\">L\u00e0m m\u1ed9t cu\u1ed9c h\u1eb9n<\/a><\/li>\n<li id=\"menu-item-7444\" class=\"menu-item menu-item-type-post_type menu-item-object-page menu-item-7444\"><a href=\"https:\/\/phoposusa.com\/vi\/company-overview\/\">Gi\u1edbi thi\u1ec7u c\u00f4ng ty<\/a><\/li>\n<\/ul><\/div><\/aside>\t\t\t\t<\/div>\n\t\t\t\t<\/div>\n\t\t\t\t<div class=\"elementor-element elementor-element-49850f4 elementor-align-left elementor-widget elementor-widget-button\" data-id=\"49850f4\" data-element_type=\"widget\" data-e-type=\"widget\" data-widget_type=\"button.default\">\n\t\t\t\t<div class=\"elementor-widget-container\">\n\t\t\t\t\t\t\t\t\t<div class=\"elementor-button-wrapper icon_align_  button_block\">\n\t\t\t\t\t<a class=\"elementor-button elementor-button-link elementor-size-lg\" href=\"#\">\n\t\t\t\t\t\t<span class=\"elementor-button-content-wrapper\">\n\t\t\t\t\t\t<span class=\"elementor-button-icon\">\n\t\t\t\t<i aria-hidden=\"true\" class=\"fa fa-file-pdf-o\"><\/i>\t\t\t<\/span>\n\t\t\t\t\t\t\t\t\t<span class=\"elementor-button-text\">Tr\u00ecnh b\u00e0y c\u00f4ng ty<\/span>\n\t\t\t\t\t<\/span>\n\t\t\t\t\t<\/a>\n\t\t\t\t<\/div>\n\t\t\t\t\t\t\t\t<\/div>\n\t\t\t\t<\/div>\n\t\t\t\t\t<\/div>\n\t\t<\/div>\n\t\t\t\t\t<\/div>\n\t\t<\/section>\n\t\t\t\t<section data-particle_enable=\"false\" data-particle-mobile-disabled=\"false\" class=\"elementor-section elementor-top-section elementor-element elementor-element-4985cd3 elementor-section-boxed elementor-section-height-default elementor-section-height-default\" data-id=\"4985cd3\" data-element_type=\"section\" data-e-type=\"section\" data-settings=\"{&quot;background_background&quot;:&quot;classic&quot;}\">\n\t\t\t\t\t\t<div class=\"elementor-container elementor-column-gap-default\">\n\t\t\t\t\t<div class=\"elementor-column elementor-col-100 elementor-top-column elementor-element elementor-element-4986121\" data-id=\"4986121\" data-element_type=\"column\" data-e-type=\"column\" data-settings=\"{&quot;background_background&quot;:&quot;classic&quot;}\">\n\t\t\t<div class=\"elementor-widget-wrap elementor-element-populated\">\n\t\t\t\t\t\t<div class=\"elementor-element elementor-element-49864b0 elementor-widget elementor-widget-vc_custom_heading\" data-id=\"49864b0\" data-element_type=\"widget\" data-e-type=\"widget\" data-widget_type=\"vc_custom_heading.default\">\n\t\t\t\t<div class=\"elementor-widget-container\">\n\t\t\t\t\t<div class=\"vc_custom_heading  consulting_heading_font  text_align_left\" ><div style=\"font-size: 16px;color: #FFFFFF;text-align: left;font-weight:700\" class=\"consulting-custom-title\">l\u00e0m th\u1ebf n\u00e0o ch\u00fang t\u00f4i c\u00f3 th\u1ec3 gi\u00fap g\u00ec b\u1ea1n?\n<\/div><\/div>\t\t\t\t<\/div>\n\t\t\t\t<\/div>\n\t\t\t\t<div class=\"elementor-element elementor-element-49867b3 elementor-widget elementor-widget-text-editor\" data-id=\"49867b3\" data-element_type=\"widget\" data-e-type=\"widget\" data-widget_type=\"text-editor.default\">\n\t\t\t\t<div class=\"elementor-widget-container\">\n\t\t\t\t\t\t\t\t\t<p>Li\u00ean h\u1ec7 v\u1edbi ch\u00fang t\u00f4i t\u1ea1i nh\u00e0 T\u01b0 v\u1ea5n WP g\u1ea7n nh\u1ea5t ho\u1eb7c g\u1eedi m\u1ed9t doanh nghi\u1ec7p h\u1ecfi tr\u1ef1c tuy\u1ebfn.<\/span><\/p>\n\t\t\t\t\t\t\t\t<\/div>\n\t\t\t\t<\/div>\n\t\t\t\t<div class=\"elementor-element elementor-element-4986a1b elementor-widget__width-auto elementor-widget elementor-widget-button\" data-id=\"4986a1b\" data-element_type=\"widget\" data-e-type=\"widget\" data-widget_type=\"button.default\">\n\t\t\t\t<div class=\"elementor-widget-container\">\n\t\t\t\t\t\t\t\t\t<div class=\"elementor-button-wrapper icon_align_\">\n\t\t\t\t\t<a class=\"elementor-button elementor-button-link elementor-size-sm\" href=\"#\">\n\t\t\t\t\t\t<span class=\"elementor-button-content-wrapper\">\n\t\t\t\t\t\t<span class=\"elementor-button-icon\">\n\t\t\t\t<i aria-hidden=\"true\" class=\"fa fa-phone-square\"><\/i>\t\t\t<\/span>\n\t\t\t\t\t\t\t\t\t<span class=\"elementor-button-text\">li\u00ean l\u1ea1c<\/span>\n\t\t\t\t\t<\/span>\n\t\t\t\t\t<\/a>\n\t\t\t\t<\/div>\n\t\t\t\t\t\t\t\t<\/div>\n\t\t\t\t<\/div>\n\t\t\t\t\t<\/div>\n\t\t<\/div>\n\t\t\t\t\t<\/div>\n\t\t<\/section>\n\t\t\t\t<section data-particle_enable=\"false\" data-particle-mobile-disabled=\"false\" class=\"elementor-section elementor-top-section elementor-element elementor-element-49873ed elementor-section-boxed elementor-section-height-default elementor-section-height-default\" data-id=\"49873ed\" data-element_type=\"section\" data-e-type=\"section\" data-settings=\"{&quot;background_background&quot;:&quot;classic&quot;}\">\n\t\t\t\t\t\t<div class=\"elementor-container elementor-column-gap-default\">\n\t\t\t\t\t<div class=\"elementor-column elementor-col-100 elementor-top-column elementor-element elementor-element-498781e\" data-id=\"498781e\" data-element_type=\"column\" data-e-type=\"column\">\n\t\t\t<div class=\"elementor-widget-wrap elementor-element-populated\">\n\t\t\t\t\t\t<div class=\"elementor-element elementor-element-4987b72 elementor-widget elementor-widget-stm_testimonials\" data-id=\"4987b72\" data-element_type=\"widget\" data-e-type=\"widget\" data-widget_type=\"stm_testimonials.default\">\n\t\t\t\t<div class=\"elementor-widget-container\">\n\t\t\t\t\t\n\n\t\t\t<div class=\"stm_testimonials consulting_elementor_testimonials style_1\">\n\t\t\t\t\t\t\t<div class=\"item\">\n\t\t\t\t\t<div class=\"testimonial\"><p>V\u1ea5n \u0111\u1ec1 l\u00e0 m\u1ed9t \u0111\u1ed1i t\u00e1c v\u00f4 gi\u00e1. \u0110\u1ed9i c\u1ee7a ch\u00fang t\u00f4i \u0111\u00e3 h\u1ee3p t\u00e1c \u0111\u1ec3 h\u1ed7 tr\u1ee3 s\u1ef1 ph\u00e1t tri\u1ec3n l\u0129nh v\u1ef1c c\u1ee7a c\u00e1c h\u1ecdc s\u1eed d\u1ee5ng t\u00e1c \u0111\u1ed9ng t\u1eadp th\u1ec3.<\/p>\n<\/div>\n\t\t\t\t\t<div class=\"testimonial-info clearfix\">\n\t\t\t\t\t\t<div class=\"testimonial-image\"><img decoding=\"async\" width=\"50\" height=\"50\" src=\"https:\/\/phoposusa.com\/wp-content\/uploads\/2020\/03\/placeholder-50x50.gif\" class=\"attachment-consulting-image-50x50-croped size-consulting-image-50x50-croped wp-post-image\" alt=\"theme_placeholder\" srcset=\"https:\/\/phoposusa.com\/wp-content\/uploads\/2020\/03\/placeholder-50x50.gif 50w, https:\/\/phoposusa.com\/wp-content\/uploads\/2020\/03\/placeholder-300x300.gif 300w, https:\/\/phoposusa.com\/wp-content\/uploads\/2020\/03\/placeholder-100x100.gif 100w, https:\/\/phoposusa.com\/wp-content\/uploads\/2020\/03\/placeholder-150x150.gif 150w, https:\/\/phoposusa.com\/wp-content\/uploads\/2020\/03\/placeholder-320x320.gif 320w\" sizes=\"(max-width: 50px) 100vw, 50px\" \/><\/div>\n\t\t\t\t\t\t<div class=\"testimonial-text\">\n\t\t\t\t\t\t\t<div class=\"name\">Donald Simpson<\/div>\n\t\t\t\t\t\t\t<div class=\"company\">\n\t\t\t\t\t\t\tCh\u1ee7 T\u1ecbch, Fantasy Springs Corp\t\t\t\t\t\t\t<\/div>\n\t\t\t\t\t\t<\/div>\n\t\t\t\t\t<\/div>\n\t\t\t\t<\/div>\n\t\t\t\t\t<\/div>\n\t\n\t\t\t\t\t<\/div>\n\t\t\t\t<\/div>\n\t\t\t\t\t<\/div>\n\t\t<\/div>\n\t\t\t\t\t<\/div>\n\t\t<\/section>\n\t\t\t\t<\/div>\n\t\t    \n<\/div>\t\t\t\t<\/div>\n\t\t\t\t<\/div>\n\t\t\t\t\t<\/div>\n\t\t<\/div>\n\t\t\t\t\t<\/div>\n\t\t<\/section>\n\t\t\t\t<\/div>","protected":false},"excerpt":{"rendered":"<p>[vc_row][vc_column width=&#8221;2\/3&#8243;][stm_services posts_per_page=&#8221;12&#8243; img_size=&#8221;260&#215;170&#8243; style=&#8221;style_5&#8243;][\/vc_column][vc_column width=&#8221;1\/3&#8243;][stm_sidebar sidebar=&#8221;577&#8243;][\/vc_column][\/vc_row]<\/p>","protected":false},"author":1,"featured_media":7682,"parent":0,"menu_order":0,"comment_status":"closed","ping_status":"closed","template":"","meta":{"footnotes":""},"class_list":["post-6228","page","type-page","status-publish","has-post-thumbnail","hentry"],"_links":{"self":[{"href":"https:\/\/phoposusa.com\/vi\/wp-json\/wp\/v2\/pages\/6228","targetHints":{"allow":["GET"]}}],"collection":[{"href":"https:\/\/phoposusa.com\/vi\/wp-json\/wp\/v2\/pages"}],"about":[{"href":"https:\/\/phoposusa.com\/vi\/wp-json\/wp\/v2\/types\/page"}],"author":[{"embeddable":true,"href":"https:\/\/phoposusa.com\/vi\/wp-json\/wp\/v2\/users\/1"}],"replies":[{"embeddable":true,"href":"https:\/\/phoposusa.com\/vi\/wp-json\/wp\/v2\/comments?post=6228"}],"version-history":[{"count":2,"href":"https:\/\/phoposusa.com\/vi\/wp-json\/wp\/v2\/pages\/6228\/revisions"}],"predecessor-version":[{"id":7684,"href":"https:\/\/phoposusa.com\/vi\/wp-json\/wp\/v2\/pages\/6228\/revisions\/7684"}],"wp:featuredmedia":[{"embeddable":true,"href":"https:\/\/phoposusa.com\/vi\/wp-json\/wp\/v2\/media\/7682"}],"wp:attachment":[{"href":"https:\/\/phoposusa.com\/vi\/wp-json\/wp\/v2\/media?parent=6228"}],"curies":[{"name":"wp","href":"https:\/\/api.w.org\/{rel}","templated":true}]}}